{"id":708,"date":"2024-01-11T11:45:37","date_gmt":"2024-01-11T17:45:37","guid":{"rendered":"https:\/\/azure.com.sv\/?page_id=708"},"modified":"2024-01-25T19:41:55","modified_gmt":"2024-01-26T01:41:55","slug":"suministros","status":"publish","type":"page","link":"https:\/\/azure.com.sv\/en\/suministros\/","title":{"rendered":"Supplies"},"content":{"rendered":"<div data-elementor-type=\"wp-page\" data-elementor-id=\"708\" class=\"elementor elementor-708\">\n\t\t\t\t\t\t<section class=\"elementor-section elementor-top-section elementor-element elementor-element-5f6f8da elementor-section-boxed elementor-section-height-default elementor-section-height-default\" data-id=\"5f6f8da\" data-element_type=\"section\" data-settings=\"{&quot;background_background&quot;:&quot;classic&quot;}\">\n\t\t\t\t\t\t\t<div class=\"elementor-background-overlay\"><\/div>\n\t\t\t\t\t\t\t<div class=\"elementor-container elementor-column-gap-default\">\n\t\t\t\t\t<div class=\"elementor-column elementor-col-100 elementor-top-column elementor-element elementor-element-3199ccd1\" data-id=\"3199ccd1\" data-element_type=\"column\">\n\t\t\t<div class=\"elementor-widget-wrap elementor-element-populated\">\n\t\t\t\t\t\t<div class=\"elementor-element elementor-element-5195a0a6 elementor-widget elementor-widget-heading\" data-id=\"5195a0a6\" data-element_type=\"widget\" data-widget_type=\"heading.default\">\n\t\t\t\t<div class=\"elementor-widget-container\">\n\t\t\t<style>\/*! elementor - v3.21.0 - 18-04-2024 *\/\n.elementor-heading-title{padding:0;margin:0;line-height:1}.elementor-widget-heading .elementor-heading-title[class*=elementor-size-]>a{color:inherit;font-size:inherit;line-height:inherit}.elementor-widget-heading .elementor-heading-title.elementor-size-small{font-size:15px}.elementor-widget-heading .elementor-heading-title.elementor-size-medium{font-size:19px}.elementor-widget-heading .elementor-heading-title.elementor-size-large{font-size:29px}.elementor-widget-heading .elementor-heading-title.elementor-size-xl{font-size:39px}.elementor-widget-heading .elementor-heading-title.elementor-size-xxl{font-size:59px}<\/style><h2 class=\"elementor-heading-title elementor-size-default\">Supplies and specialized services<\/h2>\t\t<\/div>\n\t\t\t\t<\/div>\n\t\t\t\t<div class=\"elementor-element elementor-element-3433bab4 elementor-icon-list--layout-inline elementor-align-center elementor-list-item-link-full_width elementor-widget elementor-widget-icon-list\" data-id=\"3433bab4\" data-element_type=\"widget\" data-widget_type=\"icon-list.default\">\n\t\t\t\t<div class=\"elementor-widget-container\">\n\t\t\t<link rel=\"stylesheet\" href=\"https:\/\/azure.com.sv\/wp-content\/plugins\/elementor\/assets\/css\/widget-icon-list.min.css\">\t\t<ul class=\"elementor-icon-list-items elementor-inline-items\">\n\t\t\t\t\t\t\t<li class=\"elementor-icon-list-item elementor-inline-item\">\n\t\t\t\t\t\t\t\t\t\t<span class=\"elementor-icon-list-text\">Home<\/span>\n\t\t\t\t\t\t\t\t\t<\/li>\n\t\t\t\t\t\t\t\t<li class=\"elementor-icon-list-item elementor-inline-item\">\n\t\t\t\t\t\t\t\t\t\t\t<span class=\"elementor-icon-list-icon\">\n\t\t\t\t\t\t\t<i aria-hidden=\"true\" class=\"fas fa-chevron-right\"><\/i>\t\t\t\t\t\t<\/span>\n\t\t\t\t\t\t\t\t\t\t<span class=\"elementor-icon-list-text\">Supplies and specialized services<\/span>\n\t\t\t\t\t\t\t\t\t<\/li>\n\t\t\t\t\t\t<\/ul>\n\t\t\t\t<\/div>\n\t\t\t\t<\/div>\n\t\t\t\t\t<\/div>\n\t\t<\/div>\n\t\t\t\t\t<\/div>\n\t\t<\/section>\n\t\t\t\t<section class=\"elementor-section elementor-top-section elementor-element elementor-element-52cbf125 elementor-section-boxed elementor-section-height-default elementor-section-height-default\" data-id=\"52cbf125\" data-element_type=\"section\">\n\t\t\t\t\t\t<div class=\"elementor-container elementor-column-gap-default\">\n\t\t\t\t\t<div class=\"elementor-column elementor-col-100 elementor-top-column elementor-element elementor-element-780b1409\" data-id=\"780b1409\" data-element_type=\"column\">\n\t\t\t<div class=\"elementor-widget-wrap elementor-element-populated\">\n\t\t\t\t\t\t<div class=\"elementor-element elementor-element-7994104c animated-slow elementor-invisible elementor-widget elementor-widget-heading\" data-id=\"7994104c\" data-element_type=\"widget\" data-settings=\"{&quot;_animation&quot;:&quot;fadeInLeft&quot;}\" data-widget_type=\"heading.default\">\n\t\t\t\t<div class=\"elementor-widget-container\">\n\t\t\t<h5 class=\"elementor-heading-title elementor-size-default\">Supplies and services<\/h5>\t\t<\/div>\n\t\t\t\t<\/div>\n\t\t\t\t<div class=\"elementor-element elementor-element-2a021601 elementor-widget elementor-widget-heading\" data-id=\"2a021601\" data-element_type=\"widget\" data-widget_type=\"heading.default\">\n\t\t\t\t<div class=\"elementor-widget-container\">\n\t\t\t<h2 class=\"elementor-heading-title elementor-size-default\">Supplies and specialized services<\/h2>\t\t<\/div>\n\t\t\t\t<\/div>\n\t\t\t\t<div class=\"elementor-element elementor-element-c706127 elementor-widget elementor-widget-text-editor\" data-id=\"c706127\" data-element_type=\"widget\" data-widget_type=\"text-editor.default\">\n\t\t\t\t<div class=\"elementor-widget-container\">\n\t\t\t<style>\/*! elementor - v3.21.0 - 18-04-2024 *\/\n.elementor-widget-text-editor.elementor-drop-cap-view-stacked .elementor-drop-cap{background-color:#69727d;color:#fff}.elementor-widget-text-editor.elementor-drop-cap-view-framed .elementor-drop-cap{color:#69727d;border:3px solid;background-color:transparent}.elementor-widget-text-editor:not(.elementor-drop-cap-view-default) .elementor-drop-cap{margin-top:8px}.elementor-widget-text-editor:not(.elementor-drop-cap-view-default) .elementor-drop-cap-letter{width:1em;height:1em}.elementor-widget-text-editor .elementor-drop-cap{float:left;text-align:center;line-height:1;font-size:50px}.elementor-widget-text-editor .elementor-drop-cap-letter{display:inline-block}<\/style>\t\t\t\t<p>At Azure, we not only offer you our technical advisory services, but also provide a range of specialized services and supplies for your project.<\/p>\t\t\t\t\t\t<\/div>\n\t\t\t\t<\/div>\n\t\t\t\t<section class=\"elementor-section elementor-inner-section elementor-element elementor-element-62fb886a elementor-section-full_width elementor-section-height-default elementor-section-height-default\" data-id=\"62fb886a\" data-element_type=\"section\">\n\t\t\t\t\t\t<div class=\"elementor-container elementor-column-gap-no\">\n\t\t\t\t\t<div class=\"elementor-column elementor-col-33 elementor-inner-column elementor-element elementor-element-d597fcf animated-slow elementor-invisible\" data-id=\"d597fcf\" data-element_type=\"column\" data-settings=\"{&quot;animation&quot;:&quot;fadeInUp&quot;,&quot;animation_delay&quot;:40}\">\n\t\t\t<div class=\"elementor-widget-wrap elementor-element-populated\">\n\t\t\t\t\t\t<div class=\"elementor-element elementor-element-1c2ff52 elementor-widget elementor-widget-jkit_team\" data-id=\"1c2ff52\" data-element_type=\"widget\" data-widget_type=\"jkit_team.default\">\n\t\t\t\t<div class=\"elementor-widget-container\">\n\t\t\t<div  class=\"jeg-elementor-kit jkit-team style-overlay overlay-bottom jeg_module___69e1fa136b281\" ><div class=\"profile-card\"><img fetchpriority=\"high\" decoding=\"async\" width=\"2560\" height=\"1704\" src=\"https:\/\/azure.com.sv\/wp-content\/uploads\/2024\/01\/Limpieza-de-pozos-scaled.jpg\" class=\"attachment-full size-full\" alt=\"Limpiezas\" url=\"https:\/\/azure.com.sv\/wp-content\/uploads\/2024\/01\/Limpieza-de-pozos-scaled.jpg\" source=\"library\" srcset=\"https:\/\/azure.com.sv\/wp-content\/uploads\/2024\/01\/Limpieza-de-pozos-scaled.jpg 2560w, https:\/\/azure.com.sv\/wp-content\/uploads\/2024\/01\/Limpieza-de-pozos-300x200.jpg 300w, https:\/\/azure.com.sv\/wp-content\/uploads\/2024\/01\/Limpieza-de-pozos-1024x681.jpg 1024w, https:\/\/azure.com.sv\/wp-content\/uploads\/2024\/01\/Limpieza-de-pozos-768x511.jpg 768w, https:\/\/azure.com.sv\/wp-content\/uploads\/2024\/01\/Limpieza-de-pozos-1536x1022.jpg 1536w, https:\/\/azure.com.sv\/wp-content\/uploads\/2024\/01\/Limpieza-de-pozos-2048x1363.jpg 2048w\" sizes=\"(max-width: 2560px) 100vw, 2560px\" \/>\n                <div class=\"hover-area alignment-bottom\"><div class=\"profile-body\">\n                <h2 class=\"profile-title\">Cleaning<\/h2>\n                <p class=\"profile-designation\">Well's cleaning<\/p>\n                \n                <ul class=\"social-list\"><\/ul>\n            <\/div><\/div>\n            <\/div><\/div>\t\t<\/div>\n\t\t\t\t<\/div>\n\t\t\t\t\t<\/div>\n\t\t<\/div>\n\t\t\t\t<div class=\"elementor-column elementor-col-33 elementor-inner-column elementor-element elementor-element-41c1013f animated-slow elementor-invisible\" data-id=\"41c1013f\" data-element_type=\"column\" data-settings=\"{&quot;animation&quot;:&quot;fadeInUp&quot;,&quot;animation_delay&quot;:120}\">\n\t\t\t<div class=\"elementor-widget-wrap elementor-element-populated\">\n\t\t\t\t\t\t<div class=\"elementor-element elementor-element-28dec8d3 elementor-widget elementor-widget-jkit_team\" data-id=\"28dec8d3\" data-element_type=\"widget\" data-widget_type=\"jkit_team.default\">\n\t\t\t\t<div class=\"elementor-widget-container\">\n\t\t\t<div  class=\"jeg-elementor-kit jkit-team style-overlay overlay-bottom jeg_module__1_69e1fa136d569\" ><div class=\"profile-card\"><img decoding=\"async\" width=\"2976\" height=\"1984\" src=\"https:\/\/azure.com.sv\/wp-content\/uploads\/2024\/01\/PERFORACION-DE-POZO.png\" class=\"attachment-full size-full\" alt=\"Perforaciones\" url=\"https:\/\/azure.com.sv\/wp-content\/uploads\/2024\/01\/PERFORACION-DE-POZO.png\" source=\"library\" srcset=\"https:\/\/azure.com.sv\/wp-content\/uploads\/2024\/01\/PERFORACION-DE-POZO.png 2976w, https:\/\/azure.com.sv\/wp-content\/uploads\/2024\/01\/PERFORACION-DE-POZO-300x200.png 300w, https:\/\/azure.com.sv\/wp-content\/uploads\/2024\/01\/PERFORACION-DE-POZO-1024x683.png 1024w, https:\/\/azure.com.sv\/wp-content\/uploads\/2024\/01\/PERFORACION-DE-POZO-768x512.png 768w, https:\/\/azure.com.sv\/wp-content\/uploads\/2024\/01\/PERFORACION-DE-POZO-1536x1024.png 1536w, https:\/\/azure.com.sv\/wp-content\/uploads\/2024\/01\/PERFORACION-DE-POZO-2048x1365.png 2048w\" sizes=\"(max-width: 2976px) 100vw, 2976px\" \/>\n                <div class=\"hover-area alignment-bottom\"><div class=\"profile-body\">\n                <h2 class=\"profile-title\">Drilling<\/h2>\n                <p class=\"profile-designation\">Well drilling<\/p>\n                \n                <ul class=\"social-list\"><\/ul>\n            <\/div><\/div>\n            <\/div><\/div>\t\t<\/div>\n\t\t\t\t<\/div>\n\t\t\t\t\t<\/div>\n\t\t<\/div>\n\t\t\t\t<div class=\"elementor-column elementor-col-33 elementor-inner-column elementor-element elementor-element-7b1b01e6 animated-slow elementor-invisible\" data-id=\"7b1b01e6\" data-element_type=\"column\" data-settings=\"{&quot;animation&quot;:&quot;fadeInUp&quot;,&quot;animation_delay&quot;:160}\">\n\t\t\t<div class=\"elementor-widget-wrap elementor-element-populated\">\n\t\t\t\t\t\t<div class=\"elementor-element elementor-element-733960eb elementor-widget elementor-widget-jkit_team\" data-id=\"733960eb\" data-element_type=\"widget\" data-widget_type=\"jkit_team.default\">\n\t\t\t\t<div class=\"elementor-widget-container\">\n\t\t\t<div  class=\"jeg-elementor-kit jkit-team style-overlay overlay-bottom jeg_module__2_69e1fa136f7e4\" ><div class=\"profile-card\"><img decoding=\"async\" width=\"2560\" height=\"1707\" src=\"https:\/\/azure.com.sv\/wp-content\/uploads\/2024\/01\/Mantenimiento-de-tablero-scaled.jpg\" class=\"attachment-full size-full\" alt=\"Mantenimiento\" url=\"https:\/\/azure.com.sv\/wp-content\/uploads\/2024\/01\/Mantenimiento-de-tablero-scaled.jpg\" source=\"library\" srcset=\"https:\/\/azure.com.sv\/wp-content\/uploads\/2024\/01\/Mantenimiento-de-tablero-scaled.jpg 2560w, https:\/\/azure.com.sv\/wp-content\/uploads\/2024\/01\/Mantenimiento-de-tablero-300x200.jpg 300w, https:\/\/azure.com.sv\/wp-content\/uploads\/2024\/01\/Mantenimiento-de-tablero-1024x683.jpg 1024w, https:\/\/azure.com.sv\/wp-content\/uploads\/2024\/01\/Mantenimiento-de-tablero-768x512.jpg 768w, https:\/\/azure.com.sv\/wp-content\/uploads\/2024\/01\/Mantenimiento-de-tablero-1536x1024.jpg 1536w, https:\/\/azure.com.sv\/wp-content\/uploads\/2024\/01\/Mantenimiento-de-tablero-2048x1365.jpg 2048w\" sizes=\"(max-width: 2560px) 100vw, 2560px\" \/>\n                <div class=\"hover-area alignment-bottom\"><div class=\"profile-body\">\n                <h2 class=\"profile-title\">Maintenance<\/h2>\n                <p class=\"profile-designation\">Control Panel's maintenance<\/p>\n                \n                <ul class=\"social-list\"><\/ul>\n            <\/div><\/div>\n            <\/div><\/div>\t\t<\/div>\n\t\t\t\t<\/div>\n\t\t\t\t\t<\/div>\n\t\t<\/div>\n\t\t\t\t\t<\/div>\n\t\t<\/section>\n\t\t\t\t<section class=\"elementor-section elementor-inner-section elementor-element elementor-element-2cdb3f11 elementor-section-full_width elementor-section-height-default elementor-section-height-default\" data-id=\"2cdb3f11\" data-element_type=\"section\">\n\t\t\t\t\t\t<div class=\"elementor-container elementor-column-gap-no\">\n\t\t\t\t\t<div class=\"elementor-column elementor-col-33 elementor-inner-column elementor-element elementor-element-6f42cce1 animated-slow elementor-invisible\" data-id=\"6f42cce1\" data-element_type=\"column\" data-settings=\"{&quot;animation&quot;:&quot;fadeInUp&quot;,&quot;animation_delay&quot;:40}\">\n\t\t\t<div class=\"elementor-widget-wrap elementor-element-populated\">\n\t\t\t\t\t\t<div class=\"elementor-element elementor-element-11a4f2cd elementor-widget elementor-widget-jkit_team\" data-id=\"11a4f2cd\" data-element_type=\"widget\" data-widget_type=\"jkit_team.default\">\n\t\t\t\t<div class=\"elementor-widget-container\">\n\t\t\t<div  class=\"jeg-elementor-kit jkit-team style-overlay overlay-bottom jeg_module__3_69e1fa1372b0a\" ><div class=\"profile-card\"><img loading=\"lazy\" decoding=\"async\" width=\"2560\" height=\"1558\" src=\"https:\/\/azure.com.sv\/wp-content\/uploads\/2024\/01\/Instalacion-de-equipo-de-bombeo-scaled.jpg\" class=\"attachment-full size-full\" alt=\"Instalaciones\" url=\"https:\/\/azure.com.sv\/wp-content\/uploads\/2024\/01\/Instalacion-de-equipo-de-bombeo-scaled.jpg\" source=\"library\" srcset=\"https:\/\/azure.com.sv\/wp-content\/uploads\/2024\/01\/Instalacion-de-equipo-de-bombeo-scaled.jpg 2560w, https:\/\/azure.com.sv\/wp-content\/uploads\/2024\/01\/Instalacion-de-equipo-de-bombeo-300x183.jpg 300w, https:\/\/azure.com.sv\/wp-content\/uploads\/2024\/01\/Instalacion-de-equipo-de-bombeo-1024x623.jpg 1024w, https:\/\/azure.com.sv\/wp-content\/uploads\/2024\/01\/Instalacion-de-equipo-de-bombeo-768x467.jpg 768w, https:\/\/azure.com.sv\/wp-content\/uploads\/2024\/01\/Instalacion-de-equipo-de-bombeo-1536x935.jpg 1536w, https:\/\/azure.com.sv\/wp-content\/uploads\/2024\/01\/Instalacion-de-equipo-de-bombeo-2048x1246.jpg 2048w\" sizes=\"(max-width: 2560px) 100vw, 2560px\" \/>\n                <div class=\"hover-area alignment-bottom\"><div class=\"profile-body\">\n                <h2 class=\"profile-title\">Installations<\/h2>\n                <p class=\"profile-designation\">Pumping equipment's installation<\/p>\n                <p class=\"profile-content\">Installation, assembly and disassembly of pumping equipment<\/p>\n                <ul class=\"social-list\"><\/ul>\n            <\/div><\/div>\n            <\/div><\/div>\t\t<\/div>\n\t\t\t\t<\/div>\n\t\t\t\t\t<\/div>\n\t\t<\/div>\n\t\t\t\t<div class=\"elementor-column elementor-col-33 elementor-inner-column elementor-element elementor-element-7a73808f animated-slow elementor-invisible\" data-id=\"7a73808f\" data-element_type=\"column\" data-settings=\"{&quot;animation&quot;:&quot;fadeInUp&quot;,&quot;animation_delay&quot;:120}\">\n\t\t\t<div class=\"elementor-widget-wrap elementor-element-populated\">\n\t\t\t\t\t\t<div class=\"elementor-element elementor-element-3ba49171 elementor-widget elementor-widget-jkit_team\" data-id=\"3ba49171\" data-element_type=\"widget\" data-widget_type=\"jkit_team.default\">\n\t\t\t\t<div class=\"elementor-widget-container\">\n\t\t\t<div  class=\"jeg-elementor-kit jkit-team style-overlay overlay-bottom jeg_module__4_69e1fa13759fe\" ><div class=\"profile-card\"><img loading=\"lazy\" decoding=\"async\" width=\"1600\" height=\"1066\" src=\"https:\/\/azure.com.sv\/wp-content\/uploads\/2024\/01\/Suministro-de-materiales.jpg\" class=\"attachment-full size-full\" alt=\"Suministros\" url=\"https:\/\/azure.com.sv\/wp-content\/uploads\/2024\/01\/Suministro-de-materiales.jpg\" source=\"library\" srcset=\"https:\/\/azure.com.sv\/wp-content\/uploads\/2024\/01\/Suministro-de-materiales.jpg 1600w, https:\/\/azure.com.sv\/wp-content\/uploads\/2024\/01\/Suministro-de-materiales-300x200.jpg 300w, https:\/\/azure.com.sv\/wp-content\/uploads\/2024\/01\/Suministro-de-materiales-1024x682.jpg 1024w, https:\/\/azure.com.sv\/wp-content\/uploads\/2024\/01\/Suministro-de-materiales-768x512.jpg 768w, https:\/\/azure.com.sv\/wp-content\/uploads\/2024\/01\/Suministro-de-materiales-1536x1023.jpg 1536w\" sizes=\"(max-width: 1600px) 100vw, 1600px\" \/>\n                <div class=\"hover-area alignment-bottom\"><div class=\"profile-body\">\n                <h2 class=\"profile-title\">Supplies<\/h2>\n                <p class=\"profile-designation\">Supply of materials<\/p>\n                \n                <ul class=\"social-list\"><\/ul>\n            <\/div><\/div>\n            <\/div><\/div>\t\t<\/div>\n\t\t\t\t<\/div>\n\t\t\t\t\t<\/div>\n\t\t<\/div>\n\t\t\t\t<div class=\"elementor-column elementor-col-33 elementor-inner-column elementor-element elementor-element-3bab0c2f animated-slow elementor-invisible\" data-id=\"3bab0c2f\" data-element_type=\"column\" data-settings=\"{&quot;animation&quot;:&quot;fadeInUp&quot;,&quot;animation_delay&quot;:160}\">\n\t\t\t<div class=\"elementor-widget-wrap elementor-element-populated\">\n\t\t\t\t\t\t<div class=\"elementor-element elementor-element-cee634b elementor-align-center elementor-widget elementor-widget-button\" data-id=\"cee634b\" data-element_type=\"widget\" data-widget_type=\"button.default\">\n\t\t\t\t<div class=\"elementor-widget-container\">\n\t\t\t\t\t<div class=\"elementor-button-wrapper\">\n\t\t\t<a class=\"elementor-button elementor-button-link elementor-size-md\" href=\"https:\/\/azure.com.sv\/en\/contacto\/\">\n\t\t\t\t\t\t<span class=\"elementor-button-content-wrapper\">\n\t\t\t\t\t\t\t\t\t<span class=\"elementor-button-text\">Contact Us<\/span>\n\t\t\t\t\t<\/span>\n\t\t\t\t\t<\/a>\n\t\t<\/div>\n\t\t\t\t<\/div>\n\t\t\t\t<\/div>\n\t\t\t\t\t<\/div>\n\t\t<\/div>\n\t\t\t\t\t<\/div>\n\t\t<\/section>\n\t\t\t\t\t<\/div>\n\t\t<\/div>\n\t\t\t\t\t<\/div>\n\t\t<\/section>\n\t\t\t\t<\/div>","protected":false},"excerpt":{"rendered":"<p>Suministros y servicios especializados Inicio Suministros y servicios especializados Suministros y servicios Suministros y servicios especializados En Azure, no solo te ofrecemos nuestros servicios de asesor\u00eda t\u00e9cnica, sino que tambi\u00e9n contamos con otra gama de servicios especializados y tambi\u00e9n contamos con suministros para tu proyecto Limpiezas Limpieza de pozo Perforaciones Perforaci\u00f3n de pozos Mantenimiento Mantenimiento [&hellip;]<\/p>","protected":false},"author":1,"featured_media":0,"parent":0,"menu_order":0,"comment_status":"closed","ping_status":"closed","template":"elementor_header_footer","meta":{"footnotes":""},"class_list":["post-708","page","type-page","status-publish","hentry"],"_links":{"self":[{"href":"https:\/\/azure.com.sv\/en\/wp-json\/wp\/v2\/pages\/708","targetHints":{"allow":["GET"]}}],"collection":[{"href":"https:\/\/azure.com.sv\/en\/wp-json\/wp\/v2\/pages"}],"about":[{"href":"https:\/\/azure.com.sv\/en\/wp-json\/wp\/v2\/types\/page"}],"author":[{"embeddable":true,"href":"https:\/\/azure.com.sv\/en\/wp-json\/wp\/v2\/users\/1"}],"replies":[{"embeddable":true,"href":"https:\/\/azure.com.sv\/en\/wp-json\/wp\/v2\/comments?post=708"}],"version-history":[{"count":31,"href":"https:\/\/azure.com.sv\/en\/wp-json\/wp\/v2\/pages\/708\/revisions"}],"predecessor-version":[{"id":814,"href":"https:\/\/azure.com.sv\/en\/wp-json\/wp\/v2\/pages\/708\/revisions\/814"}],"wp:attachment":[{"href":"https:\/\/azure.com.sv\/en\/wp-json\/wp\/v2\/media?parent=708"}],"curies":[{"name":"wp","href":"https:\/\/api.w.org\/{rel}","templated":true}]}}